{"id":1013,"date":"2024-10-08T23:48:22","date_gmt":"2024-10-08T21:48:22","guid":{"rendered":"https:\/\/congresoercal.com\/?page_id=1013"},"modified":"2024-10-11T23:51:32","modified_gmt":"2024-10-11T21:51:32","slug":"congreso-ercal-login","status":"publish","type":"page","link":"https:\/\/congresoercal.com\/en\/congreso-ercal-login\/","title":{"rendered":"Congreso de Enfermedades Raras &#8211; Login"},"content":{"rendered":"<div data-elementor-type=\"wp-page\" data-elementor-id=\"1013\" class=\"elementor elementor-1013\" data-elementor-post-type=\"page\">\n\t\t\t\t<div class=\"elementor-element elementor-element-7929026 e-con-full e-flex e-con e-parent\" data-id=\"7929026\" data-element_type=\"container\" data-e-type=\"container\">\n\t\t\t\t<div class=\"elementor-element elementor-element-7bc0985 elementor-widget elementor-widget-html\" data-id=\"7bc0985\" data-element_type=\"widget\" data-e-type=\"widget\" data-widget_type=\"html.default\">\n\t\t\t\t<div class=\"elementor-widget-container\">\n\t\t\t\t\t<!DOCTYPE html>\r\n<html lang=\"en\">\r\n\r\n<head>\r\n    <meta charset=\"UTF-8\">\r\n    <meta name=\"viewport\" content=\"width=device-width, initial-scale=1.0\">\r\n    <title>Login<\/title>\r\n    <link href=\"https:\/\/cdn.jsdelivr.net\/npm\/bootstrap@5.3.3\/dist\/css\/bootstrap.min.css\" rel=\"stylesheet\"\r\n        integrity=\"sha384-QWTKZyjpPEjISv5WaRU9OFeRpok6YctnYmDr5pNlyT2bRjXh0JMhjY6hW+ALEwIH\" crossorigin=\"anonymous\">\r\n    <link rel=\"stylesheet\" href=\"https:\/\/cdnjs.cloudflare.com\/ajax\/libs\/font-awesome\/6.6.0\/css\/all.min.css\"\r\n        integrity=\"sha512-Kc323vGBEqzTmouAECnVceyQqyqdsSiqLQISBL29aUW4U\/M7pSPA\/gEUZQqv1cwx4OnYxTxve5UMg5GT6L4JJg==\"\r\n        crossorigin=\"anonymous\" referrerpolicy=\"no-referrer\" \/>\r\n    <style>\r\n        .login-container {\r\n            background-image: url('\/wp-content\/uploads\/2024\/10\/Background-ercal.png');\r\n            background-size: cover;\r\n            background-repeat: no-repeat;\r\n        }\r\n\r\n        .login-header {\r\n            \/* background-color: rgba(0, 255, 255, 0.352); *\/\r\n            height: 150px;\r\n            width: 100%;\r\n        }\r\n\r\n        .login {\r\n            display: flex;\r\n            justify-content: center;\r\n            align-items: center;\r\n            \/* height: 60vh; *\/\r\n            \/* margin: ; *\/\r\n        }\r\n\r\n        .login .login-content {\r\n            background-color: #bed9ff9f;\r\n            padding: 3rem 3rem;\r\n            width: 600px;\r\n            border-radius: 20px;\r\n            box-shadow: -10px 10px 20px #000;\r\n\r\n        }\r\n\r\n        .login .login-content h2 {\r\n            color: #fff;\r\n        }\r\n\r\n        .login .login-content input[type=\"email\"] {\r\n            padding: 0.8rem;\r\n            border-radius: 5px;\r\n            border: none;\r\n            width: 100%;\r\n            margin: 1rem 0;\r\n            font-size: 1rem;\r\n            outline: none;\r\n        }\r\n\r\n        .login .login-content .checkbox {\r\n            color: #fff;\r\n            display: flex;\r\n            justify-content: center;\r\n            align-items: center;\r\n            margin-bottom: 1.5rem;\r\n        }\r\n\r\n        .login .login-content .checkbox input {\r\n            -webkit-appearance: none;\r\n            margin-right: 5px;\r\n            appearance: none;\r\n            width: 20px;\r\n            height: 20px;\r\n            border: 2px solid #fff;\r\n            border-radius: 50%;\r\n            cursor: pointer;\r\n            position: relative;\r\n        }\r\n\r\n        .login .login-content .checkbox input:checked {\r\n            background-color: #ff5722;\r\n            border-radius: 50%;\r\n        }\r\n\r\n        .btn-login {\r\n            background-color: #ff5722;\r\n            color: white;\r\n            padding: 0.8rem 2rem;\r\n            border: none;\r\n            border-radius: 5px;\r\n            font-size: 1rem;\r\n            cursor: pointer;\r\n            transition: background-color 0.3s ease;\r\n        }\r\n\r\n        .btn-login:hover {\r\n            background-color: #ea3f0b;\r\n        }\r\n\r\n        .img-congreso {\r\n            width: 400px;\r\n        }\r\n        \r\n        .login-logos{\r\n            \/* background-color: #ea3f0b; *\/\r\n            background-image: url('\/wp-content\/uploads\/2024\/10\/forma.png');\r\n            background-size: cover;\r\n            background-position: 0 100%;\r\n            padding-top: 9rem;\r\n            \/* height: 300px; *\/\r\n        }\r\n\r\n        .login-logos a,\r\n        .login-logos h3 {\r\n            color: #fff;\r\n        }\r\n\r\n        .login-footer {\r\n            display: grid;\r\n            justify-items: center;\r\n            align-items: center;\r\n            grid-template-columns: auto 15% auto 15% auto;\r\n        }\r\n\r\n        .login-footer span {\r\n            width: 2px;\r\n            background-color: #fff;\r\n            margin: 0 auto;\r\n            display: flex;\r\n        }\r\n\r\n        .login-footer p {\r\n            \/* margin-top: 20px; *\/\r\n            color: #fff;\r\n            padding: 0;\r\n            margin: 10px 0 0 0;\r\n        }\r\n\r\n        .idea {\r\n            display: flex;\r\n        }\r\n\r\n        .idea-img {\r\n            width: 150px;\r\n            margin-left: 2rem;\r\n            margin-top: .7rem;\r\n        }\r\n\r\n        .a_target{\r\n            text-decoration: none;\r\n            cursor: pointer;\r\n            color:#fff;\r\n        }\r\n        .terminos a{\r\n            color: #fff;\r\n        }\r\n        @media(max-width: 992px) {\r\n            .login .login-content{\r\n                margin: 0 12px;\r\n            }\r\n            .login-footer {\r\n                grid-template-columns: auto ;\r\n            }\r\n            .login-footer span{\r\n                display: none;\r\n            }\r\n            .idea{\r\n                flex-direction: column;\r\n                text-align: center;\r\n            }\r\n        }\r\n    <\/style>\r\n<\/head>\r\n\r\n<body>\r\n    <div class=\"login-container\">\r\n        <div class=\"login-header\"><\/div>\r\n        <div class=\"login\">\r\n            <form method=\"post\" action=\"https:\/\/congresoercal.com\/en\/congreso-de-enfermedades-raras-idioma\/\" enctype=\"multipart\/form-data\" class=\"login-content text-center mt-5\" data-trp-original-action=\"https:\/\/congresoercal.com\/es\/congreso-de-enfermedades-raras-idioma\/\">\r\n                <h2 class=\"fw-bold\">Ingrese su correo <br> electr\u00f3nico aqu\u00ed<\/h2>\r\n                <input type=\"email\" name=\"email-login\" id=\"email-login\" placeholder=\"Correo electr\u00f3nico\" requirede>\r\n                <div class=\"checkbox\">\r\n                    <input type=\"checkbox\" name=\"terminos\" id=\"terminos\" required>\r\n                    <label for=\"terminos\"> <a href=\"https:\/\/congresoercal.com\/wp-content\/uploads\/2024\/10\/PROTECCION-DE-DATOS-1.pdf\" class=\"a_target\" target=\"_blank\">Acepto t\u00e9rminos y condiciones<\/a> <\/label>\r\n                <\/div>\r\n                <button class=\"btn-login\" type=\"submit\" value=\"sub\" name=\"sub\" id=\"sub\">INGRESAR<\/button>\r\n            <input type=\"hidden\" name=\"trp-form-language\" value=\"en\"\/><\/form>\r\n        <\/div>\r\n        <div class=\"login-logos\">\r\n            <div class=\"container my-5\">\r\n                <div class=\"row justify-content-between align-items-center\">\r\n                    <div class=\"col-12 col-lg-4 align-self-center text-center\">\r\n                        <img decoding=\"async\" src=\"\/wp-content\/uploads\/2024\/10\/logo-congreso.png\" alt=\"2do congreso de enfermedades raras\"\r\n                            class=\"img-fluid img-congreso\">\r\n                    <\/div>\r\n                    <div class=\"col-12 col-lg-4 align-self-center text-center\">\r\n                        <h3 class=\"fw-bold\">\r\n                            Siguenos en:\r\n                        <\/h3>\r\n                        <div class=\"logos\">                     \r\n                            <a href=\"https:\/\/americashealthfoundation.org\/\" target=\"_blank\" rel=\"noopener\"><i class=\"fa-solid fa-globe fa-2x me-2\"><\/i><\/a>\r\n                            <a href=\"https:\/\/www.instagram.com\/americashealthfoundation\/\" target=\"_blank\" rel=\"noopener\"><i class=\"fa-brands fa-instagram fa-2x me-2\"><\/i><\/a>\r\n                            <a href=\"https:\/\/www.facebook.com\/americashealthfoundation\" target=\"_blank\" rel=\"noopener\"><i class=\"fa-brands fa-2x me-2 fa-square-facebook\"><\/i><\/a>\r\n                            <a href=\"https:\/\/www.youtube.com\/@americashealthfoundationah9690\" target=\"_blank\" rel=\"noopener\"><i class=\"fa-brands fa-2x me-2 fa-youtube\"><\/i><\/a>                        \r\n                            <a href=\"https:\/\/twitter.com\/AmeriHealthFoun\" target=\"_blank\" rel=\"noopener\"><i class=\"fa-brands fa-2x me-2 fa-x-twitter\"><\/i><\/a>\r\n                            <a href=\"https:\/\/www.linkedin.com\/company\/americas-health-foundation\/about\/\" target=\"_blank\" rel=\"noopener\"><i class=\"fa-brands fa-2x me-2 fa-linkedin\"><\/i><\/a>\r\n                    <\/div>\r\n                    <\/div>\r\n                <\/div>\r\n            <\/div>\r\n        <\/div>\r\n        <footer class=\"login-footer pb-5 container\">\r\n        <div class=\"terminos\">\r\n            \r\n        <\/div>\r\n        <span2><\/span2>\r\n        <div class=\"terminos\">\r\n            <a href=\"https:\/\/congresoercal.com\/wp-content\/uploads\/2024\/10\/PROTECCION-DE-DATOS.pdf\">Data processing policy<\/a>\r\n        <\/div>\r\n        <span><\/span>\r\n        <div class=\"idea\">\r\n            <p>Idea liberada por:<\/p>\r\n            <a href=\"http:\/\/monodual.com\/\" target=\"_blank\" rel=\"noopener\"><img decoding=\"async\" src=\"https:\/\/congresoercal.com\/wp-content\/uploads\/2024\/10\/monodual-white.png\" class=\"img-fluid idea-img\" alt=\"monodual logo\"><\/a>\r\n        <\/div>\r\n    <\/footer>\r\n    <\/div>\r\n<\/body>\r\n\r\n<\/html>\t\t\t\t<\/div>\n\t\t\t\t<\/div>\n\t\t\t\t<\/div>\n\t\t\t\t<\/div>","protected":false},"excerpt":{"rendered":"<p>Login Ingrese su correo electr\u00f3nico aqu\u00ed Acepto t\u00e9rminos y condiciones INGRESAR Siguenos en: Pol\u00edtica de tratamiento de datos Idea liberada por:<\/p>","protected":false},"author":1,"featured_media":0,"parent":0,"menu_order":0,"comment_status":"closed","ping_status":"open","template":"elementor_canvas","meta":{"footnotes":""},"class_list":["post-1013","page","type-page","status-publish","hentry"],"_links":{"self":[{"href":"https:\/\/congresoercal.com\/en\/wp-json\/wp\/v2\/pages\/1013","targetHints":{"allow":["GET"]}}],"collection":[{"href":"https:\/\/congresoercal.com\/en\/wp-json\/wp\/v2\/pages"}],"about":[{"href":"https:\/\/congresoercal.com\/en\/wp-json\/wp\/v2\/types\/page"}],"author":[{"embeddable":true,"href":"https:\/\/congresoercal.com\/en\/wp-json\/wp\/v2\/users\/1"}],"replies":[{"embeddable":true,"href":"https:\/\/congresoercal.com\/en\/wp-json\/wp\/v2\/comments?post=1013"}],"version-history":[{"count":65,"href":"https:\/\/congresoercal.com\/en\/wp-json\/wp\/v2\/pages\/1013\/revisions"}],"predecessor-version":[{"id":1320,"href":"https:\/\/congresoercal.com\/en\/wp-json\/wp\/v2\/pages\/1013\/revisions\/1320"}],"wp:attachment":[{"href":"https:\/\/congresoercal.com\/en\/wp-json\/wp\/v2\/media?parent=1013"}],"curies":[{"name":"wp","href":"https:\/\/api.w.org\/{rel}","templated":true}]}}